{"id":733,"date":"2015-09-09T13:55:38","date_gmt":"2015-09-09T13:55:38","guid":{"rendered":"http:\/\/www.fie.fr\/?page_id=733"},"modified":"2023-01-19T16:46:09","modified_gmt":"2023-01-19T16:46:09","slug":"mentions-legales-en","status":"publish","type":"page","link":"https:\/\/www.fie.fr\/en\/mentions-legales-en\/","title":{"rendered":"Mentions l\u00e9gales"},"content":{"rendered":"<div class=\"wpb-content-wrapper\"><p>[vc_row][vc_column][vc_column_text]<\/p>\n<h1>Mentions l\u00e9gales<\/h1>\n<p>[\/vc_column_text][\/vc_column][\/vc_row][vc_row css=&#8221;.vc_custom_1425465567273{background-color: #ffffff !important;background-position: center !important;background-repeat: no-repeat !important;background-size: cover !important;}&#8221;][vc_column][vc_row_inner][vc_column_inner width=&#8221;1\/3&#8243;][vc_column_text]<\/p>\n<h2>Propri\u00e9taire du site<\/h2>\n<p><strong>Foyer International des Etudiantes<\/strong><br \/>\n93, Boulevard Saint-Michel<br \/>\n75005 PARIS<\/p>\n<p>Tel : 01.43.54.49.63<br \/>\nMel : infos[AT]fie.fr[\/vc_column_text][\/vc_column_inner][vc_column_inner width=&#8221;1\/3&#8243;][vc_column_text]<\/p>\n<h2>R\u00e9alisation du site<\/h2>\n<p><strong><a href=\"https:\/\/monentreprisesurle.net\/\" target=\"_blank\" rel=\"noopener\">Mon entreprise sur le Net<\/a><\/strong><br \/>\n48 rue de Montchevreuil<br \/>\n21120 Is-sur-Tille[\/vc_column_text][\/vc_column_inner][vc_column_inner width=&#8221;1\/3&#8243;][vc_column_text]<\/p>\n<h2>H\u00e9bergement du site<\/h2>\n<p><strong><a href=\"http:\/\/www.ovh.com\/\" target=\"_blank\" rel=\"noopener\">OVH<\/a><\/strong><br \/>\n2 rue Kellermann<br \/>\n59100\u00a0ROUBAIX[\/vc_column_text][\/vc_column_inner][\/vc_row_inner][\/vc_column][\/vc_row][vc_row][vc_column width=&#8221;1\/2&#8243;][vc_column_text]<\/p>\n<h2>Donn\u00e9es personnelles collect\u00e9es &#8211; Formulaires<\/h2>\n<p>Les donn\u00e9es personnelles demand\u00e9es via les formulaires sont destin\u00e9es \u00e0 \u00eatre utilis\u00e9es pour r\u00e9pondre \u00e0 la prise de contact du demandeur, et en particulier pour r\u00e9pondre \u00e0 sa demande d\u2019h\u00e9bergement ou d\u2019abonnement \u00e0 la newsletter. Elles comportent le nom et l\u2019adresse e-mail (formulaire de contact), ainsi que la date de naissance, le sexe et la nationalit\u00e9 (formulaires de demandes de s\u00e9jour). Elles sont utilis\u00e9es uniquement le temps de leur traitement et stock\u00e9es sur le site internet pour une dur\u00e9e maximale de trois ans.[\/vc_column_text][\/vc_column][vc_column width=&#8221;1\/2&#8243;][vc_column_text]<\/p>\n<h2>Partage des donn\u00e9es personnelles<\/h2>\n<p>Aucune donn\u00e9e personnelle collect\u00e9e via le site internet du Foyer International des Etudiantes n\u2019est transmise \u00e0 des tiers, sauf pour des motifs ayant trait \u00e0 la loi (harc\u00e8lement, spam, etc).<\/p>\n<h2>Droits sur vos donn\u00e9es personnelles<\/h2>\n<p>Vous b\u00e9n\u00e9ficiez \u00e0 tout moment d\u2019un droit d\u2019acc\u00e8s, de rectification ou suppression des donn\u00e9es qui vous concernent. Si vous souhaitez exercer ce droit, veuillez nous contacter en utilisant le formulaire de la page contact.[\/vc_column_text][\/vc_column][\/vc_row][vc_row][vc_column][vc_column_text]<\/p>\n<h2>Cr\u00e9dits photos<\/h2>\n<p>Foyer International des Etudiantes<br \/>\nAlix Livory-Boillot[\/vc_column_text][\/vc_column][\/vc_row]<\/p>\n<\/div>","protected":false},"excerpt":{"rendered":"<p>[vc_row][vc_column][vc_column_text] Mentions l\u00e9gales [\/vc_column_text][\/vc_column][\/vc_row][vc_row css=&#8221;.vc_custom_1425465567273{background-color: #ffffff !important;background-position: center !important;background-repeat: no-repeat !important;background-size: cover !important;}&#8221;][vc_column][vc_row_inner][vc_column_inner width=&#8221;1\/3&#8243;][vc_column_text] Propri\u00e9taire du site Foyer International des Etudiantes 93, Boulevard Saint-Michel 75005 PARIS Tel : 01.43.54.49.63 Mel : infos[AT]fie.fr[\/vc_column_text][\/vc_column_inner][vc_column_inner width=&#8221;1\/3&#8243;][vc_column_text] R\u00e9alisation du site Mon entreprise sur le Net 48 rue de Montchevreuil 21120 Is-sur-Tille[\/vc_column_text][\/vc_column_inner][vc_column_inner width=&#8221;1\/3&#8243;][vc_column_text] H\u00e9bergement du site OVH 2 rue Kellermann [&hellip;]<\/p>\n","protected":false},"author":1,"featured_media":0,"parent":0,"menu_order":0,"comment_status":"closed","ping_status":"closed","template":"","meta":{"ocean_post_layout":"","ocean_both_sidebars_style":"","ocean_both_sidebars_content_width":0,"ocean_both_sidebars_sidebars_width":0,"ocean_sidebar":"0","ocean_second_sidebar":"0","ocean_disable_margins":"enable","ocean_add_body_class":"","ocean_shortcode_before_top_bar":"","ocean_shortcode_after_top_bar":"","ocean_shortcode_before_header":"","ocean_shortcode_after_header":"","ocean_has_shortcode":"","ocean_shortcode_after_title":"","ocean_shortcode_before_footer_widgets":"","ocean_shortcode_after_footer_widgets":"","ocean_shortcode_before_footer_bottom":"","ocean_shortcode_after_footer_bottom":"","ocean_display_top_bar":"default","ocean_display_header":"default","ocean_header_style":"","ocean_center_header_left_menu":"0","ocean_custom_header_template":"0","ocean_custom_logo":0,"ocean_custom_retina_logo":0,"ocean_custom_logo_max_width":0,"ocean_custom_logo_tablet_max_width":0,"ocean_custom_logo_mobile_max_width":0,"ocean_custom_logo_max_height":0,"ocean_custom_logo_tablet_max_height":0,"ocean_custom_logo_mobile_max_height":0,"ocean_header_custom_menu":"0","ocean_menu_typo_font_family":"0","ocean_menu_typo_font_subset":"","ocean_menu_typo_font_size":0,"ocean_menu_typo_font_size_tablet":0,"ocean_menu_typo_font_size_mobile":0,"ocean_menu_typo_font_size_unit":"px","ocean_menu_typo_font_weight":"","ocean_menu_typo_font_weight_tablet":"","ocean_menu_typo_font_weight_mobile":"","ocean_menu_typo_transform":"","ocean_menu_typo_transform_tablet":"","ocean_menu_typo_transform_mobile":"","ocean_menu_typo_line_height":0,"ocean_menu_typo_line_height_tablet":0,"ocean_menu_typo_line_height_mobile":0,"ocean_menu_typo_line_height_unit":"","ocean_menu_typo_spacing":0,"ocean_menu_typo_spacing_tablet":0,"ocean_menu_typo_spacing_mobile":0,"ocean_menu_typo_spacing_unit":"","ocean_menu_link_color":"","ocean_menu_link_color_hover":"","ocean_menu_link_color_active":"","ocean_menu_link_background":"","ocean_menu_link_hover_background":"","ocean_menu_link_active_background":"","ocean_menu_social_links_bg":"","ocean_menu_social_hover_links_bg":"","ocean_menu_social_links_color":"","ocean_menu_social_hover_links_color":"","ocean_disable_title":"default","ocean_disable_heading":"default","ocean_post_title":"","ocean_post_subheading":"","ocean_post_title_style":"","ocean_post_title_background_color":"","ocean_post_title_background":0,"ocean_post_title_bg_image_position":"","ocean_post_title_bg_image_attachment":"","ocean_post_title_bg_image_repeat":"","ocean_post_title_bg_image_size":"","ocean_post_title_height":0,"ocean_post_title_bg_overlay":0.5,"ocean_post_title_bg_overlay_color":"","ocean_disable_breadcrumbs":"default","ocean_breadcrumbs_color":"","ocean_breadcrumbs_separator_color":"","ocean_breadcrumbs_links_color":"","ocean_breadcrumbs_links_hover_color":"","ocean_display_footer_widgets":"default","ocean_display_footer_bottom":"default","ocean_custom_footer_template":"0","footnotes":""},"class_list":["post-733","page","type-page","status-publish","hentry","entry"],"yoast_head":"<!-- This site is optimized with the Yoast SEO plugin v27.5 - https:\/\/yoast.com\/product\/yoast-seo-wordpress\/ -->\n<title>Mentions l\u00e9gales - Foyer international des Etudiantes<\/title>\n<meta name=\"robots\" content=\"index, follow, max-snippet:-1, max-image-preview:large, max-video-preview:-1\" \/>\n<link rel=\"canonical\" href=\"https:\/\/www.fie.fr\/en\/mentions-legales-en\/\" \/>\n<meta property=\"og:locale\" content=\"en_US\" \/>\n<meta property=\"og:type\" content=\"article\" \/>\n<meta property=\"og:title\" content=\"Mentions l\u00e9gales - Foyer international des Etudiantes\" \/>\n<meta property=\"og:description\" content=\"[vc_row][vc_column][vc_column_text] Mentions l\u00e9gales [\/vc_column_text][\/vc_column][\/vc_row][vc_row css=&#8221;.vc_custom_1425465567273{background-color: #ffffff !important;background-position: center !important;background-repeat: no-repeat !important;background-size: cover !important;}&#8221;][vc_column][vc_row_inner][vc_column_inner width=&#8221;1\/3&#8243;][vc_column_text] Propri\u00e9taire du site Foyer International des Etudiantes 93, Boulevard Saint-Michel 75005 PARIS Tel : 01.43.54.49.63 Mel : infos[AT]fie.fr[\/vc_column_text][\/vc_column_inner][vc_column_inner width=&#8221;1\/3&#8243;][vc_column_text] R\u00e9alisation du site Mon entreprise sur le Net 48 rue de Montchevreuil 21120 Is-sur-Tille[\/vc_column_text][\/vc_column_inner][vc_column_inner width=&#8221;1\/3&#8243;][vc_column_text] H\u00e9bergement du site OVH 2 rue Kellermann [&hellip;]\" \/>\n<meta property=\"og:url\" content=\"https:\/\/www.fie.fr\/en\/mentions-legales-en\/\" \/>\n<meta property=\"og:site_name\" content=\"Foyer international des Etudiantes\" \/>\n<meta property=\"article:modified_time\" content=\"2023-01-19T16:46:09+00:00\" \/>\n<meta property=\"og:image\" content=\"https:\/\/www.fie.fr\/wp-content\/uploads\/logo-FIE.png\" \/>\n\t<meta property=\"og:image:width\" content=\"200\" \/>\n\t<meta property=\"og:image:height\" content=\"101\" \/>\n\t<meta property=\"og:image:type\" content=\"image\/png\" \/>\n<meta name=\"twitter:label1\" content=\"Est. reading time\" \/>\n\t<meta name=\"twitter:data1\" content=\"2 minutes\" \/>\n<script type=\"application\/ld+json\" class=\"yoast-schema-graph\">{\"@context\":\"https:\\\/\\\/schema.org\",\"@graph\":[{\"@type\":\"WebPage\",\"@id\":\"https:\\\/\\\/www.fie.fr\\\/en\\\/mentions-legales-en\\\/\",\"url\":\"https:\\\/\\\/www.fie.fr\\\/en\\\/mentions-legales-en\\\/\",\"name\":\"Mentions l\u00e9gales - Foyer international des Etudiantes\",\"isPartOf\":{\"@id\":\"https:\\\/\\\/www.fie.fr\\\/#website\"},\"datePublished\":\"2015-09-09T13:55:38+00:00\",\"dateModified\":\"2023-01-19T16:46:09+00:00\",\"breadcrumb\":{\"@id\":\"https:\\\/\\\/www.fie.fr\\\/en\\\/mentions-legales-en\\\/#breadcrumb\"},\"inLanguage\":\"en-US\",\"potentialAction\":[{\"@type\":\"ReadAction\",\"target\":[\"https:\\\/\\\/www.fie.fr\\\/en\\\/mentions-legales-en\\\/\"]}]},{\"@type\":\"BreadcrumbList\",\"@id\":\"https:\\\/\\\/www.fie.fr\\\/en\\\/mentions-legales-en\\\/#breadcrumb\",\"itemListElement\":[{\"@type\":\"ListItem\",\"position\":1,\"name\":\"Accueil\",\"item\":\"https:\\\/\\\/www.fie.fr\\\/en\\\/\"},{\"@type\":\"ListItem\",\"position\":2,\"name\":\"Mentions l\u00e9gales\"}]},{\"@type\":\"WebSite\",\"@id\":\"https:\\\/\\\/www.fie.fr\\\/#website\",\"url\":\"https:\\\/\\\/www.fie.fr\\\/\",\"name\":\"Foyer international des Etudiantes\",\"description\":\"\",\"publisher\":{\"@id\":\"https:\\\/\\\/www.fie.fr\\\/#organization\"},\"potentialAction\":[{\"@type\":\"SearchAction\",\"target\":{\"@type\":\"EntryPoint\",\"urlTemplate\":\"https:\\\/\\\/www.fie.fr\\\/?s={search_term_string}\"},\"query-input\":{\"@type\":\"PropertyValueSpecification\",\"valueRequired\":true,\"valueName\":\"search_term_string\"}}],\"inLanguage\":\"en-US\"},{\"@type\":\"Organization\",\"@id\":\"https:\\\/\\\/www.fie.fr\\\/#organization\",\"name\":\"Foyer international des Etudiantes\",\"url\":\"https:\\\/\\\/www.fie.fr\\\/\",\"logo\":{\"@type\":\"ImageObject\",\"inLanguage\":\"en-US\",\"@id\":\"https:\\\/\\\/www.fie.fr\\\/#\\\/schema\\\/logo\\\/image\\\/\",\"url\":\"https:\\\/\\\/www.fie.fr\\\/wp-content\\\/uploads\\\/logo-FIE.png\",\"contentUrl\":\"https:\\\/\\\/www.fie.fr\\\/wp-content\\\/uploads\\\/logo-FIE.png\",\"width\":200,\"height\":101,\"caption\":\"Foyer international des Etudiantes\"},\"image\":{\"@id\":\"https:\\\/\\\/www.fie.fr\\\/#\\\/schema\\\/logo\\\/image\\\/\"}}]}<\/script>\n<!-- \/ Yoast SEO plugin. -->","yoast_head_json":{"title":"Mentions l\u00e9gales - Foyer international des Etudiantes","robots":{"index":"index","follow":"follow","max-snippet":"max-snippet:-1","max-image-preview":"max-image-preview:large","max-video-preview":"max-video-preview:-1"},"canonical":"https:\/\/www.fie.fr\/en\/mentions-legales-en\/","og_locale":"en_US","og_type":"article","og_title":"Mentions l\u00e9gales - Foyer international des Etudiantes","og_description":"[vc_row][vc_column][vc_column_text] Mentions l\u00e9gales [\/vc_column_text][\/vc_column][\/vc_row][vc_row css=&#8221;.vc_custom_1425465567273{background-color: #ffffff !important;background-position: center !important;background-repeat: no-repeat !important;background-size: cover !important;}&#8221;][vc_column][vc_row_inner][vc_column_inner width=&#8221;1\/3&#8243;][vc_column_text] Propri\u00e9taire du site Foyer International des Etudiantes 93, Boulevard Saint-Michel 75005 PARIS Tel : 01.43.54.49.63 Mel : infos[AT]fie.fr[\/vc_column_text][\/vc_column_inner][vc_column_inner width=&#8221;1\/3&#8243;][vc_column_text] R\u00e9alisation du site Mon entreprise sur le Net 48 rue de Montchevreuil 21120 Is-sur-Tille[\/vc_column_text][\/vc_column_inner][vc_column_inner width=&#8221;1\/3&#8243;][vc_column_text] H\u00e9bergement du site OVH 2 rue Kellermann [&hellip;]","og_url":"https:\/\/www.fie.fr\/en\/mentions-legales-en\/","og_site_name":"Foyer international des Etudiantes","article_modified_time":"2023-01-19T16:46:09+00:00","og_image":[{"width":200,"height":101,"url":"https:\/\/www.fie.fr\/wp-content\/uploads\/logo-FIE.png","type":"image\/png"}],"twitter_misc":{"Est. reading time":"2 minutes"},"schema":{"@context":"https:\/\/schema.org","@graph":[{"@type":"WebPage","@id":"https:\/\/www.fie.fr\/en\/mentions-legales-en\/","url":"https:\/\/www.fie.fr\/en\/mentions-legales-en\/","name":"Mentions l\u00e9gales - Foyer international des Etudiantes","isPartOf":{"@id":"https:\/\/www.fie.fr\/#website"},"datePublished":"2015-09-09T13:55:38+00:00","dateModified":"2023-01-19T16:46:09+00:00","breadcrumb":{"@id":"https:\/\/www.fie.fr\/en\/mentions-legales-en\/#breadcrumb"},"inLanguage":"en-US","potentialAction":[{"@type":"ReadAction","target":["https:\/\/www.fie.fr\/en\/mentions-legales-en\/"]}]},{"@type":"BreadcrumbList","@id":"https:\/\/www.fie.fr\/en\/mentions-legales-en\/#breadcrumb","itemListElement":[{"@type":"ListItem","position":1,"name":"Accueil","item":"https:\/\/www.fie.fr\/en\/"},{"@type":"ListItem","position":2,"name":"Mentions l\u00e9gales"}]},{"@type":"WebSite","@id":"https:\/\/www.fie.fr\/#website","url":"https:\/\/www.fie.fr\/","name":"Foyer international des Etudiantes","description":"","publisher":{"@id":"https:\/\/www.fie.fr\/#organization"},"potentialAction":[{"@type":"SearchAction","target":{"@type":"EntryPoint","urlTemplate":"https:\/\/www.fie.fr\/?s={search_term_string}"},"query-input":{"@type":"PropertyValueSpecification","valueRequired":true,"valueName":"search_term_string"}}],"inLanguage":"en-US"},{"@type":"Organization","@id":"https:\/\/www.fie.fr\/#organization","name":"Foyer international des Etudiantes","url":"https:\/\/www.fie.fr\/","logo":{"@type":"ImageObject","inLanguage":"en-US","@id":"https:\/\/www.fie.fr\/#\/schema\/logo\/image\/","url":"https:\/\/www.fie.fr\/wp-content\/uploads\/logo-FIE.png","contentUrl":"https:\/\/www.fie.fr\/wp-content\/uploads\/logo-FIE.png","width":200,"height":101,"caption":"Foyer international des Etudiantes"},"image":{"@id":"https:\/\/www.fie.fr\/#\/schema\/logo\/image\/"}}]}},"_links":{"self":[{"href":"https:\/\/www.fie.fr\/en\/wp-json\/wp\/v2\/pages\/733","targetHints":{"allow":["GET"]}}],"collection":[{"href":"https:\/\/www.fie.fr\/en\/wp-json\/wp\/v2\/pages"}],"about":[{"href":"https:\/\/www.fie.fr\/en\/wp-json\/wp\/v2\/types\/page"}],"author":[{"embeddable":true,"href":"https:\/\/www.fie.fr\/en\/wp-json\/wp\/v2\/users\/1"}],"replies":[{"embeddable":true,"href":"https:\/\/www.fie.fr\/en\/wp-json\/wp\/v2\/comments?post=733"}],"version-history":[{"count":1,"href":"https:\/\/www.fie.fr\/en\/wp-json\/wp\/v2\/pages\/733\/revisions"}],"predecessor-version":[{"id":2369,"href":"https:\/\/www.fie.fr\/en\/wp-json\/wp\/v2\/pages\/733\/revisions\/2369"}],"wp:attachment":[{"href":"https:\/\/www.fie.fr\/en\/wp-json\/wp\/v2\/media?parent=733"}],"curies":[{"name":"wp","href":"https:\/\/api.w.org\/{rel}","templated":true}]}}